{"id":41,"date":"2024-12-14T07:27:43","date_gmt":"2024-12-14T06:27:43","guid":{"rendered":"https:\/\/www.enfantsdurwanda.com\/?page_id=41"},"modified":"2024-12-14T07:31:19","modified_gmt":"2024-12-14T06:31:19","slug":"dons","status":"publish","type":"page","link":"https:\/\/www.enfantsdurwanda.com\/?page_id=41","title":{"rendered":"Dons"},"content":{"rendered":"<p>Si vous souhaitez faire spontan\u00e9ment un don en aidant financi\u00e8rement l&rsquo;association, le montant du don est libre et ne comprend pas de minimum.<\/p>\n<p>D\u00e9duction fiscale: Si vous \u00eates imposable, vous b\u00e9n\u00e9ficierez d&rsquo;une r\u00e9duction d&rsquo;imp\u00f4t \u00e9gale \u00e0 66% des versements effectu\u00e9s dans l&rsquo;ann\u00e9e \u00e0 notre association, dans la limite de 20% de votre revenu imposable global net.<\/p>\n<p>Par exemple, un don de 20 \u20ac vous co\u00fbtera seulement 6,80 \u20ac.<\/p>\n<p>Alors si vous \u00eates int\u00e9ress\u00e9 ou si vous avez des questions, n&rsquo;h\u00e9sitez pas \u00e0 nous contacter via la rubrique <a href=\"https:\/\/www.enfantsdurwanda.com\/?page_id=10\">contact<\/a>  pour nous en faire part. <\/p>\n","protected":false},"excerpt":{"rendered":"<p>Si vous souhaitez faire spontan\u00e9ment un don en aidant financi\u00e8rement l&rsquo;association, le montant du don est libre et ne comprend pas de minimum. D\u00e9duction fiscale: Si vous \u00eates imposable, vous b\u00e9n\u00e9ficierez d&rsquo;une r\u00e9duction d&rsquo;imp\u00f4t \u00e9gale \u00e0 66% des versements effectu\u00e9s &hellip; <a href=\"https:\/\/www.enfantsdurwanda.com\/?page_id=41\">Continuer la lecture <span class=\"meta-nav\">&rarr;<\/span><\/a><\/p>\n","protected":false},"author":1,"featured_media":0,"parent":0,"menu_order":0,"comment_status":"closed","ping_status":"closed","template":"","meta":{"footnotes":""},"class_list":["post-41","page","type-page","status-publish","hentry"],"_links":{"self":[{"href":"https:\/\/www.enfantsdurwanda.com\/index.php?rest_route=\/wp\/v2\/pages\/41","targetHints":{"allow":["GET"]}}],"collection":[{"href":"https:\/\/www.enfantsdurwanda.com\/index.php?rest_route=\/wp\/v2\/pages"}],"about":[{"href":"https:\/\/www.enfantsdurwanda.com\/index.php?rest_route=\/wp\/v2\/types\/page"}],"author":[{"embeddable":true,"href":"https:\/\/www.enfantsdurwanda.com\/index.php?rest_route=\/wp\/v2\/users\/1"}],"replies":[{"embeddable":true,"href":"https:\/\/www.enfantsdurwanda.com\/index.php?rest_route=%2Fwp%2Fv2%2Fcomments&post=41"}],"version-history":[{"count":2,"href":"https:\/\/www.enfantsdurwanda.com\/index.php?rest_route=\/wp\/v2\/pages\/41\/revisions"}],"predecessor-version":[{"id":43,"href":"https:\/\/www.enfantsdurwanda.com\/index.php?rest_route=\/wp\/v2\/pages\/41\/revisions\/43"}],"wp:attachment":[{"href":"https:\/\/www.enfantsdurwanda.com\/index.php?rest_route=%2Fwp%2Fv2%2Fmedia&parent=41"}],"curies":[{"name":"wp","href":"https:\/\/api.w.org\/{rel}","templated":true}]}}