{"id":10,"date":"2024-12-13T19:57:07","date_gmt":"2024-12-13T18:57:07","guid":{"rendered":"https:\/\/www.enfantsdurwanda.com\/?page_id=10"},"modified":"2024-12-13T19:57:07","modified_gmt":"2024-12-13T18:57:07","slug":"contact","status":"publish","type":"page","link":"https:\/\/www.enfantsdurwanda.com\/?page_id=10","title":{"rendered":"Contact"},"content":{"rendered":"<ul>\n<li><strong>Pr\u00e9sidente :<\/strong> Chantal Biland<\/li>\n<li><strong>Adresse : <\/strong>3 rue Edouard Travi\u00e8s 44240 &#8211; Chapelle Sur Erdre<\/li>\n<li><strong>T\u00e9l\u00e9phone : <\/strong>02 28 01 20 14<\/li>\n<li><strong>Email :<\/strong> <a href=\"mailto:enfantsddurwanda@gmail.fr\">enfantsddurwanda@gmail.fr<\/a><\/li>\n<\/ul>\n<p>&nbsp;<\/p>\n","protected":false},"excerpt":{"rendered":"<p>Pr\u00e9sidente : Chantal Biland Adresse : 3 rue Edouard Travi\u00e8s 44240 &#8211; Chapelle Sur Erdre T\u00e9l\u00e9phone : 02 28 01 20 14 Email : enfantsddurwanda@gmail.fr &nbsp;<\/p>\n","protected":false},"author":1,"featured_media":0,"parent":0,"menu_order":0,"comment_status":"closed","ping_status":"closed","template":"","meta":{"footnotes":""},"class_list":["post-10","page","type-page","status-publish","hentry"],"_links":{"self":[{"href":"https:\/\/www.enfantsdurwanda.com\/index.php?rest_route=\/wp\/v2\/pages\/10","targetHints":{"allow":["GET"]}}],"collection":[{"href":"https:\/\/www.enfantsdurwanda.com\/index.php?rest_route=\/wp\/v2\/pages"}],"about":[{"href":"https:\/\/www.enfantsdurwanda.com\/index.php?rest_route=\/wp\/v2\/types\/page"}],"author":[{"embeddable":true,"href":"https:\/\/www.enfantsdurwanda.com\/index.php?rest_route=\/wp\/v2\/users\/1"}],"replies":[{"embeddable":true,"href":"https:\/\/www.enfantsdurwanda.com\/index.php?rest_route=%2Fwp%2Fv2%2Fcomments&post=10"}],"version-history":[{"count":1,"href":"https:\/\/www.enfantsdurwanda.com\/index.php?rest_route=\/wp\/v2\/pages\/10\/revisions"}],"predecessor-version":[{"id":11,"href":"https:\/\/www.enfantsdurwanda.com\/index.php?rest_route=\/wp\/v2\/pages\/10\/revisions\/11"}],"wp:attachment":[{"href":"https:\/\/www.enfantsdurwanda.com\/index.php?rest_route=%2Fwp%2Fv2%2Fmedia&parent=10"}],"curies":[{"name":"wp","href":"https:\/\/api.w.org\/{rel}","templated":true}]}}